{"id":39,"date":"2021-08-27T10:11:10","date_gmt":"2021-08-27T08:11:10","guid":{"rendered":"http:\/\/relis-moi.com\/?page_id=39"},"modified":"2021-10-13T15:14:51","modified_gmt":"2021-10-13T13:14:51","slug":"39-2","status":"publish","type":"page","link":"https:\/\/relis-moi.com\/index.php\/39-2\/","title":{"rendered":"Qui suis-je ?"},"content":{"rendered":"<p>[et_pb_section fb_built=\u00a0\u00bb1&Prime; admin_label=\u00a0\u00bbVideo\u00a0\u00bb _builder_version=\u00a0\u00bb3.22&Prime; custom_margin=\u00a0\u00bb||-92px|||\u00a0\u00bb locked=\u00a0\u00bboff\u00a0\u00bb][et_pb_row column_structure=\u00a0\u00bb1_4,3_4&Prime; custom_padding_last_edited=\u00a0\u00bbon|phone\u00a0\u00bb _builder_version=\u00a0\u00bb4.9.1&Prime; background_color=\u00a0\u00bb#ffffff\u00a0\u00bb max_width=\u00a0\u00bb1280px\u00a0\u00bb custom_margin=\u00a0\u00bb60px|||\u00a0\u00bb custom_padding=\u00a0\u00bb|60px||60px|true|true\u00a0\u00bb custom_padding_tablet=\u00a0\u00bb|40px||40px||true\u00a0\u00bb custom_padding_phone=\u00a0\u00bb|20px||20px||true\u00a0\u00bb box_shadow_style=\u00a0\u00bbpreset1&Prime; box_shadow_vertical=\u00a0\u00bb50px\u00a0\u00bb box_shadow_blur=\u00a0\u00bb80px\u00a0\u00bb box_shadow_color=\u00a0\u00bbrgba(15,19,25,0.1)\u00a0\u00bb use_custom_width=\u00a0\u00bbon\u00a0\u00bb custom_width_px=\u00a0\u00bb1280px\u00a0\u00bb][et_pb_column type=\u00a0\u00bb1_4&Prime; _builder_version=\u00a0\u00bb4.9.1&Prime; background_color=\u00a0\u00bbRGBA(0,0,0,0)\u00a0\u00bb custom_padding=\u00a0\u00bb|||\u00a0\u00bb custom_padding__hover=\u00a0\u00bb|||\u00a0\u00bb][et_pb_image src=\u00a0\u00bbhttps:\/\/relis-moi.com\/wp-content\/uploads\/2021\/09\/Photo-profil-169&#215;300.jpg\u00a0\u00bb title_text=\u00a0\u00bbPhoto profil\u00a0\u00bb align_tablet=\u00a0\u00bbcenter\u00a0\u00bb align_phone=\u00a0\u00bb\u00a0\u00bb align_last_edited=\u00a0\u00bbon|desktop\u00a0\u00bb _builder_version=\u00a0\u00bb4.9.1&Prime;][\/et_pb_image][\/et_pb_column][et_pb_column type=\u00a0\u00bb3_4&Prime; _builder_version=\u00a0\u00bb4.9.1&Prime; background_color=\u00a0\u00bbRGBA(0,0,0,0)\u00a0\u00bb custom_padding=\u00a0\u00bb|||\u00a0\u00bb custom_padding__hover=\u00a0\u00bb|||\u00a0\u00bb][et_pb_text _builder_version=\u00a0\u00bb4.9.1&Prime; text_font=\u00a0\u00bb||||||||\u00a0\u00bb text_font_size=\u00a0\u00bb15px\u00a0\u00bb text_line_height=\u00a0\u00bb2em\u00a0\u00bb ul_font=\u00a0\u00bb||||||||\u00a0\u00bb ol_font=\u00a0\u00bb||||||||\u00a0\u00bb header_font=\u00a0\u00bb||||||||\u00a0\u00bb header_2_font=\u00a0\u00bbEB Garamond||||||||\u00a0\u00bb header_2_font_size=\u00a0\u00bb50px\u00a0\u00bb header_2_line_height=\u00a0\u00bb1.3em\u00a0\u00bb header_3_font=\u00a0\u00bb||||||||\u00a0\u00bb header_4_font=\u00a0\u00bb|700||on|||||\u00a0\u00bb header_4_text_color=\u00a0\u00bb#ffdaa4&Prime; header_4_font_size=\u00a0\u00bb12px\u00a0\u00bb header_4_letter_spacing=\u00a0\u00bb2px\u00a0\u00bb header_4_line_height=\u00a0\u00bb2em\u00a0\u00bb header_5_font=\u00a0\u00bb||||||||\u00a0\u00bb header_6_font=\u00a0\u00bb||||||||\u00a0\u00bb header_2_font_size_tablet=\u00a0\u00bb40px\u00a0\u00bb header_2_font_size_phone=\u00a0\u00bb30px\u00a0\u00bb header_2_font_size_last_edited=\u00a0\u00bbon|phone\u00a0\u00bb locked=\u00a0\u00bboff\u00a0\u00bb inline_fonts=\u00a0\u00bbAlex Brush,Aref Ruqaa\u00a0\u00bb]<\/p>\n<h4><span style=\"font-family: 'Aref Ruqaa'; font-weight: normal; font-size: x-large; color: #03a6a6;\">Qui suis-je ?<\/span><\/h4>\n<h2 style=\"text-align: center;\"><span style=\"font-family: 'Alex Brush';\">Je m\u2019appelle Vanessa<\/span><\/h2>\n<p style=\"text-align: center;\"><span style=\"font-family: 'Aref Ruqaa'; font-weight: normal; font-size: x-large;\">Passionn\u00e9e de litt\u00e9rature depuis l\u2019enfance, je corrigeais d\u00e9j\u00e0 les devoirs des<\/span><br \/><span style=\"font-family: 'Aref Ruqaa'; font-weight: normal; font-size: x-large;\">copains dans la cour de r\u00e9cr\u00e9ation. Au coll\u00e8ge j\u2019ai m\u00eame eu l\u2019opportunit\u00e9 de<\/span><br \/><span style=\"font-family: 'Aref Ruqaa'; font-weight: normal; font-size: x-large;\">participer aux fameuses dict\u00e9es des Dicos d\u2019Or\u00a0!<\/span><br \/><span style=\"font-family: 'Aref Ruqaa'; font-weight: normal; font-size: x-large;\">Apr\u00e8s avoir travaill\u00e9 plus de 10 ans en milieu hospitalier, je d\u00e9cide en 2020 de sauter le pas et de vivre de ma passion pour les mots.<\/span><br \/><span style=\"font-family: 'Aref Ruqaa'; font-weight: normal; font-size: x-large;\">Pour ce faire, je me forme au m\u00e9tier de lecteur-correcteur au Centre d\u2019Ecriture et de Communication de Paris aupr\u00e8s de deux professionnels de haut niveau, auteurs d\u2019ouvrages sur la langue fran\u00e7aise :<\/span><\/p>\n<ul>\n<li><span style=\"font-family: 'Aref Ruqaa'; font-weight: normal; font-size: x-large;\">Jacques D\u00e9court, Directeur du CEC, ancien formateur \u00e0 l\u2019Ecole Sup\u00e9rieure de Journalisme de Lille<\/span><\/li>\n<li><span style=\"font-family: 'Aref Ruqaa'; font-weight: normal; font-size: x-large;\">Jean-Pierre Colignon, ancien chef correcteur du journal Le Monde et administrateur-chroniqueur \u00e0 la revue D\u00e9fense de la langue fran\u00e7aise.<\/span><\/li>\n<\/ul>\n<p style=\"text-align: center;\"><span style=\"font-family: 'Aref Ruqaa'; font-weight: normal; font-size: x-large;\">Mon titre de correctrice en poche, je suis en mesure de relire, corriger et si n\u00e9cessaire, r\u00e9\u00e9crire vos documents papiers ou web.<\/span><\/p>\n<p>&nbsp;<\/p>\n<p>[\/et_pb_text][\/et_pb_column][\/et_pb_row][\/et_pb_section][et_pb_section fb_built=\u00a0\u00bb1&Prime; admin_label=\u00a0\u00bbWhy Us\u00a0\u00bb _builder_version=\u00a0\u00bb4.9.1&Prime; background_color=\u00a0\u00bb#03a6a6&Prime; use_background_color_gradient=\u00a0\u00bbon\u00a0\u00bb background_color_gradient_start=\u00a0\u00bb#f2c894&Prime;][et_pb_row _builder_version=\u00a0\u00bb4.9.1&Prime; animation_style=\u00a0\u00bbzoom\u00a0\u00bb locked=\u00a0\u00bboff\u00a0\u00bb][et_pb_column type=\u00a0\u00bb4_4&Prime; _builder_version=\u00a0\u00bb3.25&Prime; custom_padding=\u00a0\u00bb|||\u00a0\u00bb custom_padding__hover=\u00a0\u00bb|||\u00a0\u00bb][et_pb_text _builder_version=\u00a0\u00bb4.9.1&Prime; text_font=\u00a0\u00bbEB Garamond|700|||||||\u00a0\u00bb text_text_color=\u00a0\u00bb#000000&Prime; text_font_size=\u00a0\u00bb80px\u00a0\u00bb text_line_height=\u00a0\u00bb0em\u00a0\u00bb header_text_color=\u00a0\u00bb#000000&Prime; header_2_font=\u00a0\u00bbEB Garamond||||||||\u00a0\u00bb header_2_font_size=\u00a0\u00bb50px\u00a0\u00bb header_2_line_height=\u00a0\u00bb1.3em\u00a0\u00bb text_orientation=\u00a0\u00bbcenter\u00a0\u00bb text_font_size_tablet=\u00a0\u00bb50px\u00a0\u00bb text_font_size_phone=\u00a0\u00bb30px\u00a0\u00bb text_font_size_last_edited=\u00a0\u00bbon|desktop\u00a0\u00bb header_2_font_size_tablet=\u00a0\u00bb40px\u00a0\u00bb header_2_font_size_phone=\u00a0\u00bb30px\u00a0\u00bb header_2_font_size_last_edited=\u00a0\u00bbon|phone\u00a0\u00bb inline_fonts=\u00a0\u00bbAref Ruqaa\u00a0\u00bb]<\/p>\n<p>&nbsp;<\/p>\n<h2><span style=\"font-family: 'Aref Ruqaa'; color: #000000;\">Mes valeurs<\/span><\/h2>\n<p>[\/et_pb_text][\/et_pb_column][\/et_pb_row][et_pb_row column_structure=\u00a0\u00bb1_3,1_3,1_3&Prime; _builder_version=\u00a0\u00bb4.9.1&Prime; _module_preset=\u00a0\u00bbdefault\u00a0\u00bb][et_pb_column type=\u00a0\u00bb1_3&Prime; _builder_version=\u00a0\u00bb4.9.1&Prime; _module_preset=\u00a0\u00bbdefault\u00a0\u00bb][et_pb_text _builder_version=\u00a0\u00bb4.9.1&Prime; _module_preset=\u00a0\u00bbdefault\u00a0\u00bb text_font=\u00a0\u00bbAref Ruqaa||||||||\u00a0\u00bb text_text_color=\u00a0\u00bb#03a6a6&Prime; text_font_size=\u00a0\u00bb31px\u00a0\u00bb min_height=\u00a0\u00bb34.5px\u00a0\u00bb]<\/p>\n<p style=\"text-align: center;\"><span style=\"color: #000000;\"><strong>Bienveillance<\/strong><\/span><\/p>\n<p>[\/et_pb_text][et_pb_text _builder_version=\u00a0\u00bb4.9.1&Prime; _module_preset=\u00a0\u00bbdefault\u00a0\u00bb text_font=\u00a0\u00bbAref Ruqaa||||||||\u00a0\u00bb text_font_size=\u00a0\u00bb26px\u00a0\u00bb]<\/p>\n<p style=\"text-align: center;\"><span style=\"color: #000000;\">Mon objectif est d\u2019\u00eatre \u00e0 l\u2019\u00e9coute de vos besoins.<\/span><\/p>\n<p style=\"text-align: center;\"><span style=\"color: #000000;\">Mon m\u00e9tier est de vous accompagner afin que vos \u00e9crits se lisent avec aisance et plaisir.<\/span><\/p>\n<p>[\/et_pb_text][\/et_pb_column][et_pb_column type=\u00a0\u00bb1_3&Prime; _builder_version=\u00a0\u00bb4.9.1&Prime; _module_preset=\u00a0\u00bbdefault\u00a0\u00bb][et_pb_text _builder_version=\u00a0\u00bb4.9.1&Prime; _module_preset=\u00a0\u00bbdefault\u00a0\u00bb text_font=\u00a0\u00bbAref Ruqaa||||||||\u00a0\u00bb text_text_color=\u00a0\u00bb#03a6a6&Prime; text_font_size=\u00a0\u00bb31px\u00a0\u00bb min_height=\u00a0\u00bb31.5px\u00a0\u00bb custom_padding=\u00a0\u00bb||9px|||\u00a0\u00bb]<\/p>\n<p style=\"text-align: center;\"><span style=\"color: #000000;\"><strong>Confiance<\/strong><\/span><\/p>\n<p>[\/et_pb_text][et_pb_text _builder_version=\u00a0\u00bb4.9.1&Prime; _module_preset=\u00a0\u00bbdefault\u00a0\u00bb text_font=\u00a0\u00bbAref Ruqaa||||||||\u00a0\u00bb text_font_size=\u00a0\u00bb26px\u00a0\u00bb]<\/p>\n<p style=\"text-align: center;\"><span style=\"color: #000000;\">Les textes que vous me confiez restent confidentiels.<\/span><\/p>\n<p style=\"text-align: center;\"><span style=\"color: #000000;\">N\u2019h\u00e9sitez pas \u00e0 me contacter, le devis est gratuit et les fautes ne me font pas peur<\/span> <img src=\"https:\/\/relis-moi.com\/wp-content\/themes\/Divi\/includes\/builder\/frontend-builder\/assets\/vendors\/plugins\/emoticons\/img\/smiley-wink.gif\" alt=\"wink\" \/><\/p>\n<p>[\/et_pb_text][\/et_pb_column][et_pb_column type=\u00a0\u00bb1_3&Prime; _builder_version=\u00a0\u00bb4.9.1&Prime; _module_preset=\u00a0\u00bbdefault\u00a0\u00bb][et_pb_text _builder_version=\u00a0\u00bb4.9.1&Prime; _module_preset=\u00a0\u00bbdefault\u00a0\u00bb text_font=\u00a0\u00bbAref Ruqaa||||||||\u00a0\u00bb text_text_color=\u00a0\u00bb#03a6a6&Prime; text_font_size=\u00a0\u00bb31px\u00a0\u00bb min_height=\u00a0\u00bb28.5px\u00a0\u00bb custom_padding=\u00a0\u00bb||6px|||\u00a0\u00bb]<\/p>\n<p style=\"text-align: center;\"><span style=\"color: #000000;\"><strong>Engagement<\/strong><\/span><\/p>\n<p>[\/et_pb_text][et_pb_text _builder_version=\u00a0\u00bb4.9.1&Prime; _module_preset=\u00a0\u00bbdefault\u00a0\u00bb text_font=\u00a0\u00bbAref Ruqaa||||||||\u00a0\u00bb text_font_size=\u00a0\u00bb26px\u00a0\u00bb]<\/p>\n<p style=\"text-align: center;\"><span style=\"color: #000000;\">Je r\u00e9ponds, au plus tard sous 48 heures ouvr\u00e9es,\u00a0 \u00a0 \u00e0 toute question ou demande de devis.<\/span><\/p>\n<p>[\/et_pb_text][\/et_pb_column][\/et_pb_row][\/et_pb_section][et_pb_section fb_built=\u00a0\u00bb1&Prime; admin_label=\u00a0\u00bbWhy Us\u00a0\u00bb _builder_version=\u00a0\u00bb3.22&Prime;][et_pb_row _builder_version=\u00a0\u00bb4.9.1&Prime; min_height=\u00a0\u00bb112px\u00a0\u00bb locked=\u00a0\u00bboff\u00a0\u00bb][et_pb_column type=\u00a0\u00bb4_4&Prime; _builder_version=\u00a0\u00bb3.25&Prime; custom_padding=\u00a0\u00bb|||\u00a0\u00bb custom_padding__hover=\u00a0\u00bb|||\u00a0\u00bb][et_pb_text _builder_version=\u00a0\u00bb4.9.1&Prime; text_font=\u00a0\u00bbEB Garamond|700|||||||\u00a0\u00bb text_text_color=\u00a0\u00bb#03a6a6&Prime; text_font_size=\u00a0\u00bb51px\u00a0\u00bb text_line_height=\u00a0\u00bb0em\u00a0\u00bb header_2_font=\u00a0\u00bbEB Garamond||||||||\u00a0\u00bb header_2_font_size=\u00a0\u00bb50px\u00a0\u00bb header_2_line_height=\u00a0\u00bb1.3em\u00a0\u00bb text_orientation=\u00a0\u00bbcenter\u00a0\u00bb animation_style=\u00a0\u00bbzoom\u00a0\u00bb text_font_size_tablet=\u00a0\u00bb50px\u00a0\u00bb text_font_size_phone=\u00a0\u00bb30px\u00a0\u00bb text_font_size_last_edited=\u00a0\u00bbon|desktop\u00a0\u00bb header_2_font_size_tablet=\u00a0\u00bb40px\u00a0\u00bb header_2_font_size_phone=\u00a0\u00bb30px\u00a0\u00bb header_2_font_size_last_edited=\u00a0\u00bbon|phone\u00a0\u00bb inline_fonts=\u00a0\u00bbAref Ruqaa\u00a0\u00bb]<\/p>\n<p>&nbsp;<\/p>\n<h2><span style=\"font-family: 'Aref Ruqaa'; color: #03a6a6; font-size: xx-large;\">Un texte \u00e0 corriger ? Et si on en discutait ?<\/span><\/h2>\n<p>[\/et_pb_text][\/et_pb_column][\/et_pb_row][et_pb_row _builder_version=\u00a0\u00bb4.9.1&Prime; _module_preset=\u00a0\u00bbdefault\u00a0\u00bb][et_pb_column type=\u00a0\u00bb4_4&Prime; _builder_version=\u00a0\u00bb4.9.1&Prime; _module_preset=\u00a0\u00bbdefault\u00a0\u00bb][et_pb_button button_url=\u00a0\u00bb@ET-DC@eyJkeW5hbWljIjp0cnVlLCJjb250ZW50IjoicG9zdF9saW5rX3VybF9wYWdlIiwic2V0dGluZ3MiOnsicG9zdF9pZCI6IjMxIn19@\u00a0\u00bb button_text=\u00a0\u00bbMe contacter\u00a0\u00bb button_alignment=\u00a0\u00bbcenter\u00a0\u00bb _builder_version=\u00a0\u00bb4.9.1&Prime; _dynamic_attributes=\u00a0\u00bbbutton_url\u00a0\u00bb _module_preset=\u00a0\u00bbdefault\u00a0\u00bb custom_button=\u00a0\u00bbon\u00a0\u00bb button_text_color=\u00a0\u00bb#FFFFFF\u00a0\u00bb button_bg_color=\u00a0\u00bb#03A6A6&Prime; button_border_width=\u00a0\u00bb3px\u00a0\u00bb button_font=\u00a0\u00bbAref Ruqaa||||||||\u00a0\u00bb button_icon=\u00a0\u00bb%%221%%\u00a0\u00bb animation_style=\u00a0\u00bbzoom\u00a0\u00bb][\/et_pb_button][\/et_pb_column][\/et_pb_row][\/et_pb_section]<\/p>\n","protected":false},"excerpt":{"rendered":"<p>[et_pb_section fb_built=\u00a0\u00bb1&Prime; admin_label=\u00a0\u00bbVideo\u00a0\u00bb _builder_version=\u00a0\u00bb3.22&Prime; custom_margin=\u00a0\u00bb||-92px|||\u00a0\u00bb locked=\u00a0\u00bboff\u00a0\u00bb][et_pb_row column_structure=\u00a0\u00bb1_4,3_4&Prime; custom_padding_last_edited=\u00a0\u00bbon|phone\u00a0\u00bb _builder_version=\u00a0\u00bb4.9.1&Prime; background_color=\u00a0\u00bb#ffffff\u00a0\u00bb max_width=\u00a0\u00bb1280px\u00a0\u00bb custom_margin=\u00a0\u00bb60px|||\u00a0\u00bb custom_padding=\u00a0\u00bb|60px||60px|true|true\u00a0\u00bb custom_padding_tablet=\u00a0\u00bb|40px||40px||true\u00a0\u00bb custom_padding_phone=\u00a0\u00bb|20px||20px||true\u00a0\u00bb box_shadow_style=\u00a0\u00bbpreset1&Prime; box_shadow_vertical=\u00a0\u00bb50px\u00a0\u00bb box_shadow_blur=\u00a0\u00bb80px\u00a0\u00bb box_shadow_color=\u00a0\u00bbrgba(15,19,25,0.1)\u00a0\u00bb use_custom_width=\u00a0\u00bbon\u00a0\u00bb custom_width_px=\u00a0\u00bb1280px\u00a0\u00bb][et_pb_column type=\u00a0\u00bb1_4&Prime; _builder_version=\u00a0\u00bb4.9.1&Prime; background_color=\u00a0\u00bbRGBA(0,0,0,0)\u00a0\u00bb custom_padding=\u00a0\u00bb|||\u00a0\u00bb custom_padding__hover=\u00a0\u00bb|||\u00a0\u00bb][et_pb_image src=\u00a0\u00bbhttps:\/\/relis-moi.com\/wp-content\/uploads\/2021\/09\/Photo-profil-169&#215;300.jpg\u00a0\u00bb title_text=\u00a0\u00bbPhoto profil\u00a0\u00bb align_tablet=\u00a0\u00bbcenter\u00a0\u00bb align_phone=\u00a0\u00bb\u00a0\u00bb align_last_edited=\u00a0\u00bbon|desktop\u00a0\u00bb _builder_version=\u00a0\u00bb4.9.1&Prime;][\/et_pb_image][\/et_pb_column][et_pb_column type=\u00a0\u00bb3_4&Prime; _builder_version=\u00a0\u00bb4.9.1&Prime; background_color=\u00a0\u00bbRGBA(0,0,0,0)\u00a0\u00bb custom_padding=\u00a0\u00bb|||\u00a0\u00bb custom_padding__hover=\u00a0\u00bb|||\u00a0\u00bb][et_pb_text _builder_version=\u00a0\u00bb4.9.1&Prime; text_font=\u00a0\u00bb||||||||\u00a0\u00bb text_font_size=\u00a0\u00bb15px\u00a0\u00bb text_line_height=\u00a0\u00bb2em\u00a0\u00bb ul_font=\u00a0\u00bb||||||||\u00a0\u00bb ol_font=\u00a0\u00bb||||||||\u00a0\u00bb header_font=\u00a0\u00bb||||||||\u00a0\u00bb header_2_font=\u00a0\u00bbEB Garamond||||||||\u00a0\u00bb header_2_font_size=\u00a0\u00bb50px\u00a0\u00bb header_2_line_height=\u00a0\u00bb1.3em\u00a0\u00bb header_3_font=\u00a0\u00bb||||||||\u00a0\u00bb header_4_font=\u00a0\u00bb|700||on|||||\u00a0\u00bb header_4_text_color=\u00a0\u00bb#ffdaa4&Prime; header_4_font_size=\u00a0\u00bb12px\u00a0\u00bb header_4_letter_spacing=\u00a0\u00bb2px\u00a0\u00bb header_4_line_height=\u00a0\u00bb2em\u00a0\u00bb [&hellip;]<\/p>\n","protected":false},"author":1,"featured_media":0,"parent":0,"menu_order":0,"comment_status":"closed","ping_status":"closed","template":"","meta":{"_et_pb_use_builder":"on","_et_pb_old_content":"","_et_gb_content_width":""},"_links":{"self":[{"href":"https:\/\/relis-moi.com\/index.php\/wp-json\/wp\/v2\/pages\/39"}],"collection":[{"href":"https:\/\/relis-moi.com\/index.php\/wp-json\/wp\/v2\/pages"}],"about":[{"href":"https:\/\/relis-moi.com\/index.php\/wp-json\/wp\/v2\/types\/page"}],"author":[{"embeddable":true,"href":"https:\/\/relis-moi.com\/index.php\/wp-json\/wp\/v2\/users\/1"}],"replies":[{"embeddable":true,"href":"https:\/\/relis-moi.com\/index.php\/wp-json\/wp\/v2\/comments?post=39"}],"version-history":[{"count":19,"href":"https:\/\/relis-moi.com\/index.php\/wp-json\/wp\/v2\/pages\/39\/revisions"}],"predecessor-version":[{"id":210,"href":"https:\/\/relis-moi.com\/index.php\/wp-json\/wp\/v2\/pages\/39\/revisions\/210"}],"wp:attachment":[{"href":"https:\/\/relis-moi.com\/index.php\/wp-json\/wp\/v2\/media?parent=39"}],"curies":[{"name":"wp","href":"https:\/\/api.w.org\/{rel}","templated":true}]}}