{"id":123,"date":"2021-09-04T17:16:41","date_gmt":"2021-09-04T15:16:41","guid":{"rendered":"http:\/\/relis-moi.com\/?page_id=123"},"modified":"2022-03-09T17:46:27","modified_gmt":"2022-03-09T16:46:27","slug":"tarifs","status":"publish","type":"page","link":"https:\/\/relis-moi.com\/index.php\/tarifs\/","title":{"rendered":"Tarifs"},"content":{"rendered":"<p>[et_pb_section fb_built=\u00a0\u00bb1&Prime; custom_padding_last_edited=\u00a0\u00bbon|desktop\u00a0\u00bb admin_label=\u00a0\u00bbHeader\u00a0\u00bb _builder_version=\u00a0\u00bb4.9.1&Prime; use_background_color_gradient=\u00a0\u00bbon\u00a0\u00bb background_color_gradient_start=\u00a0\u00bbrgba(255,255,255,0.8)\u00a0\u00bb background_color_gradient_end=\u00a0\u00bbrgba(255,255,255,0.24)\u00a0\u00bb background_color_gradient_end_position=\u00a0\u00bb80%\u00a0\u00bb background_color_gradient_overlays_image=\u00a0\u00bbon\u00a0\u00bb background_image=\u00a0\u00bbhttps:\/\/relis-moi.com\/wp-content\/uploads\/2021\/09\/photo-2-3-300&#215;200.jpg\u00a0\u00bb custom_padding=\u00a0\u00bb110px||||false|false\u00a0\u00bb custom_padding_tablet=\u00a0\u00bb140px|0px|50px|0px|false|false\u00a0\u00bb custom_padding_phone=\u00a0\u00bb120px|||\u00a0\u00bb][et_pb_row column_structure=\u00a0\u00bb1_2,1_2&Prime; _builder_version=\u00a0\u00bb3.25&Prime; max_width=\u00a0\u00bb1280px\u00a0\u00bb use_custom_width=\u00a0\u00bbon\u00a0\u00bb custom_width_px=\u00a0\u00bb1280px\u00a0\u00bb][et_pb_column type=\u00a0\u00bb1_2&Prime; _builder_version=\u00a0\u00bb3.25&Prime; custom_padding=\u00a0\u00bb|||\u00a0\u00bb custom_padding__hover=\u00a0\u00bb|||\u00a0\u00bb][et_pb_text _builder_version=\u00a0\u00bb4.9.1&Prime; text_font=\u00a0\u00bb||||||||\u00a0\u00bb text_text_color=\u00a0\u00bb#000000&Prime; text_font_size=\u00a0\u00bb18px\u00a0\u00bb text_line_height=\u00a0\u00bb2em\u00a0\u00bb header_font=\u00a0\u00bbEB Garamond||||||||\u00a0\u00bb header_font_size=\u00a0\u00bb60px\u00a0\u00bb header_line_height=\u00a0\u00bb1.3em\u00a0\u00bb max_width=\u00a0\u00bb600px\u00a0\u00bb text_font_size_tablet=\u00a0\u00bb\u00a0\u00bb text_font_size_phone=\u00a0\u00bb15px\u00a0\u00bb text_font_size_last_edited=\u00a0\u00bbon|phone\u00a0\u00bb text_line_height_tablet=\u00a0\u00bb\u00a0\u00bb text_line_height_phone=\u00a0\u00bb1.6em\u00a0\u00bb text_line_height_last_edited=\u00a0\u00bbon|phone\u00a0\u00bb header_font_size_tablet=\u00a0\u00bb50px\u00a0\u00bb header_font_size_phone=\u00a0\u00bb32px\u00a0\u00bb header_font_size_last_edited=\u00a0\u00bbon|phone\u00a0\u00bb inline_fonts=\u00a0\u00bbAref Ruqaa\u00a0\u00bb]<\/p>\n<h1 style=\"text-align: center;\"><strong><span style=\"font-family: 'Aref Ruqaa'; font-size: xx-large;\">Un tarif adapt\u00e9 \u00e0 vos besoins<\/span><\/strong><\/h1>\n<p style=\"text-align: center;\"><span style=\"font-family: 'Aref Ruqaa'; font-weight: normal; font-size: x-large;\">Corriger prend beaucoup de temps, d\u2019autant plus si on veut garantir un travail de qualit\u00e9.<\/span><\/p>\n<p style=\"text-align: center;\"><span style=\"font-family: 'Aref Ruqaa'; font-weight: normal; font-size: x-large;\">L\u2019\u0153il humain n\u2019est pas infaillible mais l\u2019intelligence artificielle ne permet pas encore d\u2019obtenir un r\u00e9sultat acceptable.<\/span><\/p>\n<p style=\"text-align: center;\"><span style=\"font-family: 'Aref Ruqaa'; font-weight: normal; font-size: x-large;\">C\u2019est pourquoi, le correcteur est amen\u00e9 \u00e0 relire non pas une, mais deux voire trois fois un m\u00eame texte pour fournir un travail impeccable.<\/span><\/p>\n<p><span style=\"font-family: 'Aref Ruqaa'; font-weight: normal; font-size: x-large;\"><\/span><\/p>\n<p>[\/et_pb_text][\/et_pb_column][et_pb_column type=\u00a0\u00bb1_2&Prime; _builder_version=\u00a0\u00bb3.25&Prime; custom_padding=\u00a0\u00bb|||\u00a0\u00bb custom_padding__hover=\u00a0\u00bb|||\u00a0\u00bb][et_pb_text _builder_version=\u00a0\u00bb4.9.1&Prime; _module_preset=\u00a0\u00bbdefault\u00a0\u00bb text_text_color=\u00a0\u00bb#000000&Prime; header_font=\u00a0\u00bbAref Ruqaa||||||||\u00a0\u00bb text_orientation=\u00a0\u00bbcenter\u00a0\u00bb]<\/p>\n<p style=\"text-align: center;\"><span style=\"font-family: 'Aref Ruqaa'; font-weight: normal; font-size: x-large;\">\u00a0<\/span><\/p>\n<p style=\"text-align: center;\"><span style=\"font-family: 'Aref Ruqaa'; font-weight: normal; font-size: x-large;\"><\/span><\/p>\n<p style=\"text-align: center;\"><span style=\"font-family: 'Aref Ruqaa'; font-weight: normal; font-size: x-large;\"><\/span><\/p>\n<p style=\"text-align: center;\"><span style=\"font-family: 'Aref Ruqaa'; font-weight: normal; font-size: x-large;\"><\/span><\/p>\n<p style=\"text-align: center;\"><span style=\"font-family: 'Aref Ruqaa'; font-weight: normal; font-size: x-large;\"><\/span><\/p>\n<p style=\"text-align: center;\"><span style=\"font-family: 'Aref Ruqaa'; font-weight: normal; font-size: x-large;\">Pour \u00e9tablir un devis juste et coh\u00e9rent, la plupart des correcteurs tarifient au nombre de signes.<\/span><\/p>\n<p style=\"text-align: center;\"><span style=\"font-family: 'Aref Ruqaa'; font-weight: normal; font-size: x-large;\"><\/span><\/p>\n<p style=\"text-align: center;\"><span style=\"font-family: 'Aref Ruqaa'; font-weight: normal; font-size: x-large;\">Qu\u2019est-ce que c\u2019est\u00a0? <\/span><\/p>\n<p style=\"text-align: center;\"><span style=\"font-family: 'Aref Ruqaa'; font-weight: normal; font-size: x-large;\">Le nombre de signes comprend les caract\u00e8res (lettres et ponctuation) ainsi que les espaces.<\/span><\/p>\n<p style=\"text-align: center;\"><span style=\"font-family: 'Aref Ruqaa'; font-weight: normal; font-size: x-large;\"><\/span><\/p>\n<p style=\"text-align: center;\"><span style=\"font-family: 'Aref Ruqaa'; font-weight: normal; font-size: x-large;\"><\/span><\/p>\n<p style=\"text-align: center;\"><span style=\"font-family: 'Aref Ruqaa'; font-weight: normal; font-size: x-large;\"><\/span><\/p>\n<p style=\"text-align: center;\"><span style=\"font-family: 'Aref Ruqaa'; font-weight: normal; font-size: x-large;\">Pour conna\u00eetre le nombre de signes d\u2019un document, il suffit de cliquer sur l\u2019encadr\u00e9 pr\u00e9cisant le nombre de mots (en bas \u00e0 gauche du document Word).<\/span><\/p>\n<p>[\/et_pb_text][\/et_pb_column][\/et_pb_row][\/et_pb_section][et_pb_section fb_built=\u00a0\u00bb1&Prime; admin_label=\u00a0\u00bbAbout Us\u00a0\u00bb _builder_version=\u00a0\u00bb3.22&Prime;][et_pb_row _builder_version=\u00a0\u00bb4.9.1&Prime; custom_width_px=\u00a0\u00bb1280px\u00a0\u00bb][et_pb_column type=\u00a0\u00bb4_4&Prime; _builder_version=\u00a0\u00bb3.25&Prime; custom_padding=\u00a0\u00bb100px|||\u00a0\u00bb custom_padding_tablet=\u00a0\u00bb0px|||\u00a0\u00bb custom_padding_phone=\u00a0\u00bb\u00a0\u00bb custom_padding_last_edited=\u00a0\u00bbon|tablet\u00a0\u00bb padding_tablet=\u00a0\u00bb0px|||\u00a0\u00bb padding_last_edited=\u00a0\u00bbon|tablet\u00a0\u00bb custom_padding__hover=\u00a0\u00bb|||\u00a0\u00bb][et_pb_text _builder_version=\u00a0\u00bb4.9.1&Prime; text_font=\u00a0\u00bbAref Ruqaa||||||||\u00a0\u00bb text_font_size=\u00a0\u00bb24px\u00a0\u00bb text_line_height=\u00a0\u00bb2em\u00a0\u00bb ul_font=\u00a0\u00bb||||||||\u00a0\u00bb ol_font=\u00a0\u00bb||||||||\u00a0\u00bb header_font=\u00a0\u00bb||||||||\u00a0\u00bb header_2_font=\u00a0\u00bbEB Garamond||||||||\u00a0\u00bb header_2_font_size=\u00a0\u00bb50px\u00a0\u00bb header_2_line_height=\u00a0\u00bb1.3em\u00a0\u00bb header_3_font=\u00a0\u00bb||||||||\u00a0\u00bb header_4_font=\u00a0\u00bb|700||on|||||\u00a0\u00bb header_4_text_color=\u00a0\u00bb#ffdaa4&Prime; header_4_font_size=\u00a0\u00bb12px\u00a0\u00bb header_4_letter_spacing=\u00a0\u00bb2px\u00a0\u00bb header_4_line_height=\u00a0\u00bb2em\u00a0\u00bb header_5_font=\u00a0\u00bb||||||||\u00a0\u00bb header_6_font=\u00a0\u00bb||||||||\u00a0\u00bb text_line_height_tablet=\u00a0\u00bb\u00a0\u00bb text_line_height_phone=\u00a0\u00bb1.6em\u00a0\u00bb text_line_height_last_edited=\u00a0\u00bbon|phone\u00a0\u00bb header_2_font_size_tablet=\u00a0\u00bb40px\u00a0\u00bb header_2_font_size_phone=\u00a0\u00bb30px\u00a0\u00bb header_2_font_size_last_edited=\u00a0\u00bbon|phone\u00a0\u00bb locked=\u00a0\u00bboff\u00a0\u00bb inline_fonts=\u00a0\u00bbAref Ruqaa\u00a0\u00bb]<\/p>\n<h4><\/h4>\n<p style=\"text-align: center;\"><span style=\"font-family: 'Aref Ruqaa'; font-size: xx-large;\"><strong>Je propose deux types de correction :<\/strong><\/span><\/p>\n<p style=\"text-align: center;\"><span style=\"font-family: 'Aref Ruqaa'; font-size: xx-large;\"><strong><\/strong><\/span><\/p>\n<p><span style=\"font-family: 'Aref Ruqaa'; font-size: xx-large;\"><strong><\/strong><\/span><\/p>\n<ul>\n<li style=\"text-align: center;\">La correction simple\u00a0: comprend une v\u00e9rification de la grammaire, conjugaison et concordance des temps, ainsi que l\u2019orthotypographie du texte.<\/li>\n<\/ul>\n<p>&nbsp;<\/p>\n<p>[\/et_pb_text][et_pb_text _builder_version=\u00a0\u00bb4.9.1&Prime; text_font=\u00a0\u00bbAref Ruqaa||||||||\u00a0\u00bb text_font_size=\u00a0\u00bb24px\u00a0\u00bb text_line_height=\u00a0\u00bb2em\u00a0\u00bb ul_font=\u00a0\u00bb||||||||\u00a0\u00bb ol_font=\u00a0\u00bb||||||||\u00a0\u00bb header_font=\u00a0\u00bb||||||||\u00a0\u00bb header_2_font=\u00a0\u00bbEB Garamond||||||||\u00a0\u00bb header_2_font_size=\u00a0\u00bb50px\u00a0\u00bb header_2_line_height=\u00a0\u00bb1.3em\u00a0\u00bb header_3_font=\u00a0\u00bb||||||||\u00a0\u00bb header_4_font=\u00a0\u00bb|700||on|||||\u00a0\u00bb header_4_text_color=\u00a0\u00bb#ffdaa4&Prime; header_4_font_size=\u00a0\u00bb12px\u00a0\u00bb header_4_letter_spacing=\u00a0\u00bb2px\u00a0\u00bb header_4_line_height=\u00a0\u00bb2em\u00a0\u00bb header_5_font=\u00a0\u00bb||||||||\u00a0\u00bb header_6_font=\u00a0\u00bb||||||||\u00a0\u00bb custom_margin=\u00a0\u00bb0px|||||\u00a0\u00bb custom_padding=\u00a0\u00bb0px|||||\u00a0\u00bb text_line_height_tablet=\u00a0\u00bb\u00a0\u00bb text_line_height_phone=\u00a0\u00bb1.6em\u00a0\u00bb text_line_height_last_edited=\u00a0\u00bbon|phone\u00a0\u00bb header_2_font_size_tablet=\u00a0\u00bb40px\u00a0\u00bb header_2_font_size_phone=\u00a0\u00bb30px\u00a0\u00bb header_2_font_size_last_edited=\u00a0\u00bbon|phone\u00a0\u00bb locked=\u00a0\u00bboff\u00a0\u00bb inline_fonts=\u00a0\u00bbAref Ruqaa\u00a0\u00bb]<\/p>\n<h4><\/h4>\n<ul>\n<li style=\"text-align: center;\">La correction approfondie aussi appel\u00e9e r\u00e9\u00e9criture, inclut une correction simple avec\u00a0: am\u00e9lioration de la tournure du texte afin d\u2019\u00e9viter les lourdeurs, r\u00e9p\u00e9titions, contre-sens etc.<\/li>\n<\/ul>\n<p style=\"text-align: center;\">\u00a0Une recherche dans l\u2019exactitude des r\u00e9f\u00e9rences historiques, g\u00e9ographiques, scientifiques est \u00e9galement apport\u00e9e. <span style=\"font-size: 24px; background-color: #ffffff;\">Attention cependant : je corrige vos textes, pas leur contenu\u00a0<\/span><span style=\"font-size: xx-large; background-color: #ffffff;\"><img loading=\"lazy\" src=\"https:\/\/relis-moi.com\/wp-content\/themes\/Divi\/includes\/builder\/frontend-builder\/assets\/vendors\/plugins\/emoticons\/img\/smiley-wink.gif\" alt=\"wink\" width=\"36\" height=\"36\" style=\"font-size: 32px;\" \/><\/span><\/p>\n<p style=\"text-align: center;\">Clart\u00e9 et fluidit\u00e9 des \u00e9crits seront tr\u00e8s appr\u00e9ci\u00e9es de vos lecteurs.<\/p>\n<p>&nbsp;<\/p>\n<p>[\/et_pb_text][et_pb_text _builder_version=\u00a0\u00bb4.9.1&Prime; _module_preset=\u00a0\u00bbdefault\u00a0\u00bb text_font=\u00a0\u00bbAref Ruqaa||||||||\u00a0\u00bb min_height=\u00a0\u00bb62.5px\u00a0\u00bb custom_padding=\u00a0\u00bb||0px|||\u00a0\u00bb]<\/p>\n<p style=\"text-align: center;\"><strong><span style=\"font-size: x-large;\">Faire appel \u00e0 moi c&rsquo;est aussi :<\/span><\/strong><\/p>\n<p>[\/et_pb_text][\/et_pb_column][\/et_pb_row][et_pb_row column_structure=\u00a0\u00bb1_3,1_3,1_3&Prime; _builder_version=\u00a0\u00bb4.9.1&Prime; custom_margin=\u00a0\u00bb49px|auto||auto||\u00a0\u00bb locked=\u00a0\u00bboff\u00a0\u00bb][et_pb_column type=\u00a0\u00bb1_3&Prime; _builder_version=\u00a0\u00bb3.25&Prime; custom_padding=\u00a0\u00bb|||\u00a0\u00bb custom_padding__hover=\u00a0\u00bb|||\u00a0\u00bb][et_pb_blurb title=\u00a0\u00bbObtenir un travail de qualit\u00e9\u00a0\u00bb image=\u00a0\u00bbhttps:\/\/relis-moi.com\/wp-content\/uploads\/2021\/08\/language-school-04.png\u00a0\u00bb icon_placement=\u00a0\u00bbleft\u00a0\u00bb image_max_width=\u00a0\u00bb100px\u00a0\u00bb content_max_width=\u00a0\u00bb1100px\u00a0\u00bb image_max_width_tablet=\u00a0\u00bb\u00a0\u00bb image_max_width_phone=\u00a0\u00bb50px\u00a0\u00bb image_max_width_last_edited=\u00a0\u00bbon|phone\u00a0\u00bb _builder_version=\u00a0\u00bb4.9.1&Prime; header_font=\u00a0\u00bbAref Ruqaa|600|||||||\u00a0\u00bb header_text_align=\u00a0\u00bbcenter\u00a0\u00bb header_font_size=\u00a0\u00bb18px\u00a0\u00bb header_line_height=\u00a0\u00bb1.6em\u00a0\u00bb body_font=\u00a0\u00bbAref Ruqaa||||||||\u00a0\u00bb body_font_size=\u00a0\u00bb15px\u00a0\u00bb body_line_height=\u00a0\u00bb2em\u00a0\u00bb animation_style=\u00a0\u00bbfold\u00a0\u00bb animation_direction=\u00a0\u00bbleft\u00a0\u00bb animation_intensity_fold=\u00a0\u00bb10%\u00a0\u00bb animation=\u00a0\u00bboff\u00a0\u00bb header_font_size_tablet=\u00a0\u00bb\u00a0\u00bb header_font_size_phone=\u00a0\u00bb15px\u00a0\u00bb header_font_size_last_edited=\u00a0\u00bbon|phone\u00a0\u00bb body_line_height_tablet=\u00a0\u00bb\u00a0\u00bb body_line_height_phone=\u00a0\u00bb1.6em\u00a0\u00bb body_line_height_last_edited=\u00a0\u00bbon|phone\u00a0\u00bb]<\/p>\n<p style=\"text-align: center;\">Correctrice certifi\u00e9e<\/p>\n<p>[\/et_pb_blurb][\/et_pb_column][et_pb_column type=\u00a0\u00bb1_3&Prime; _builder_version=\u00a0\u00bb3.25&Prime; custom_padding=\u00a0\u00bb|||\u00a0\u00bb custom_padding__hover=\u00a0\u00bb|||\u00a0\u00bb][et_pb_blurb title=\u00a0\u00bbCoh\u00e9rence du devis\u00a0\u00bb image=\u00a0\u00bbhttps:\/\/relis-moi.com\/wp-content\/uploads\/2021\/08\/language-school-illustration-25.png\u00a0\u00bb icon_placement=\u00a0\u00bbleft\u00a0\u00bb image_max_width=\u00a0\u00bb100px\u00a0\u00bb content_max_width=\u00a0\u00bb1100px\u00a0\u00bb image_max_width_tablet=\u00a0\u00bb\u00a0\u00bb image_max_width_phone=\u00a0\u00bb50px\u00a0\u00bb image_max_width_last_edited=\u00a0\u00bbon|phone\u00a0\u00bb _builder_version=\u00a0\u00bb4.9.1&Prime; header_font=\u00a0\u00bbAref Ruqaa|600|||||||\u00a0\u00bb header_text_align=\u00a0\u00bbcenter\u00a0\u00bb header_font_size=\u00a0\u00bb18px\u00a0\u00bb header_line_height=\u00a0\u00bb1.6em\u00a0\u00bb body_font=\u00a0\u00bbAref Ruqaa||||||||\u00a0\u00bb body_font_size=\u00a0\u00bb15px\u00a0\u00bb body_line_height=\u00a0\u00bb2em\u00a0\u00bb animation_style=\u00a0\u00bbfold\u00a0\u00bb animation_direction=\u00a0\u00bbleft\u00a0\u00bb animation_intensity_fold=\u00a0\u00bb10%\u00a0\u00bb animation=\u00a0\u00bboff\u00a0\u00bb header_font_size_tablet=\u00a0\u00bb\u00a0\u00bb header_font_size_phone=\u00a0\u00bb15px\u00a0\u00bb header_font_size_last_edited=\u00a0\u00bbon|phone\u00a0\u00bb body_line_height_tablet=\u00a0\u00bb\u00a0\u00bb body_line_height_phone=\u00a0\u00bb1.6em\u00a0\u00bb body_line_height_last_edited=\u00a0\u00bbon|phone\u00a0\u00bb locked=\u00a0\u00bboff\u00a0\u00bb]<\/p>\n<p style=\"text-align: center;\">Avec une grille tarifaire sp\u00e9ciale \u00e9tudiants<\/p>\n<p>[\/et_pb_blurb][\/et_pb_column][et_pb_column type=\u00a0\u00bb1_3&Prime; _builder_version=\u00a0\u00bb3.25&Prime; custom_padding=\u00a0\u00bb|||\u00a0\u00bb custom_padding__hover=\u00a0\u00bb|||\u00a0\u00bb][et_pb_blurb title=\u00a0\u00bbSe concentrer sur son c\u0153ur de m\u00e9tier\u00a0\u00bb image=\u00a0\u00bbhttps:\/\/relis-moi.com\/wp-content\/uploads\/2021\/08\/language-school-illustration-17.png\u00a0\u00bb icon_placement=\u00a0\u00bbleft\u00a0\u00bb image_max_width=\u00a0\u00bb100px\u00a0\u00bb content_max_width=\u00a0\u00bb1100px\u00a0\u00bb image_max_width_tablet=\u00a0\u00bb\u00a0\u00bb image_max_width_phone=\u00a0\u00bb50px\u00a0\u00bb image_max_width_last_edited=\u00a0\u00bbon|phone\u00a0\u00bb _builder_version=\u00a0\u00bb4.9.1&Prime; header_font=\u00a0\u00bbAref Ruqaa|600|||||||\u00a0\u00bb header_text_align=\u00a0\u00bbcenter\u00a0\u00bb header_font_size=\u00a0\u00bb18px\u00a0\u00bb header_line_height=\u00a0\u00bb1.6em\u00a0\u00bb body_font=\u00a0\u00bbAref Ruqaa||||||||\u00a0\u00bb body_font_size=\u00a0\u00bb15px\u00a0\u00bb body_line_height=\u00a0\u00bb2em\u00a0\u00bb text_orientation=\u00a0\u00bbcenter\u00a0\u00bb animation_style=\u00a0\u00bbfold\u00a0\u00bb animation_direction=\u00a0\u00bbleft\u00a0\u00bb animation_intensity_fold=\u00a0\u00bb10%\u00a0\u00bb animation=\u00a0\u00bboff\u00a0\u00bb header_font_size_tablet=\u00a0\u00bb\u00a0\u00bb header_font_size_phone=\u00a0\u00bb15px\u00a0\u00bb header_font_size_last_edited=\u00a0\u00bbon|phone\u00a0\u00bb body_line_height_tablet=\u00a0\u00bb\u00a0\u00bb body_line_height_phone=\u00a0\u00bb1.6em\u00a0\u00bb body_line_height_last_edited=\u00a0\u00bbon|phone\u00a0\u00bb locked=\u00a0\u00bboff\u00a0\u00bb]<\/p>\n<p style=\"text-align: center;\">Et me d\u00e9l\u00e9guer les t\u00e2ches chronophages<\/p>\n<p>[\/et_pb_blurb][\/et_pb_column][\/et_pb_row][\/et_pb_section][et_pb_section fb_built=\u00a0\u00bb1&Prime; admin_label=\u00a0\u00bbWhy Us\u00a0\u00bb _builder_version=\u00a0\u00bb4.9.1&Prime; background_color=\u00a0\u00bb#03a6a6&Prime;][et_pb_row _builder_version=\u00a0\u00bb3.25&Prime; locked=\u00a0\u00bboff\u00a0\u00bb][et_pb_column type=\u00a0\u00bb4_4&Prime; _builder_version=\u00a0\u00bb3.25&Prime; custom_padding=\u00a0\u00bb|||\u00a0\u00bb custom_padding__hover=\u00a0\u00bb|||\u00a0\u00bb][et_pb_text _builder_version=\u00a0\u00bb3.27.4&Prime; text_font=\u00a0\u00bbEB Garamond|700|||||||\u00a0\u00bb text_text_color=\u00a0\u00bbrgba(0,0,0,0.02)\u00a0\u00bb text_font_size=\u00a0\u00bb80px\u00a0\u00bb text_line_height=\u00a0\u00bb0em\u00a0\u00bb header_2_font=\u00a0\u00bbEB Garamond||||||||\u00a0\u00bb header_2_font_size=\u00a0\u00bb50px\u00a0\u00bb header_2_line_height=\u00a0\u00bb1.3em\u00a0\u00bb text_orientation=\u00a0\u00bbcenter\u00a0\u00bb text_font_size_tablet=\u00a0\u00bb50px\u00a0\u00bb text_font_size_phone=\u00a0\u00bb30px\u00a0\u00bb text_font_size_last_edited=\u00a0\u00bbon|desktop\u00a0\u00bb header_2_font_size_tablet=\u00a0\u00bb40px\u00a0\u00bb header_2_font_size_phone=\u00a0\u00bb30px\u00a0\u00bb header_2_font_size_last_edited=\u00a0\u00bbon|phone\u00a0\u00bb]<\/p>\n<p>CHOOSE US<\/p>\n<h2>Mes prestations\u00a0<\/h2>\n<p>[\/et_pb_text][\/et_pb_column][\/et_pb_row][et_pb_row _builder_version=\u00a0\u00bb3.25&Prime; locked=\u00a0\u00bboff\u00a0\u00bb][et_pb_column type=\u00a0\u00bb4_4&Prime; _builder_version=\u00a0\u00bb3.25&Prime; custom_padding=\u00a0\u00bb|||\u00a0\u00bb custom_padding__hover=\u00a0\u00bb|||\u00a0\u00bb][et_pb_pricing_tables _builder_version=\u00a0\u00bb4.9.1&Prime; _module_preset=\u00a0\u00bbdefault\u00a0\u00bb hover_enabled=\u00a0\u00bb0&Prime; sticky_enabled=\u00a0\u00bb0&Prime;][et_pb_pricing_table title=\u00a0\u00bbCorrection simple\u00a0\u00bb subtitle=\u00a0\u00bbTarif indicatif pour 1500 signes\u00a0\u00bb sum=\u00a0\u00bb2,50 \u20ac \u00a0\u00bb _builder_version=\u00a0\u00bb4.9.1&Prime; _module_preset=\u00a0\u00bbdefault\u00a0\u00bb price_text_color=\u00a0\u00bb#03a6a6&Prime; body_font=\u00a0\u00bbAref Ruqaa||||||||\u00a0\u00bb price_font=\u00a0\u00bbAref Ruqaa||||||||\u00a0\u00bb price_font_size=\u00a0\u00bb60px\u00a0\u00bb excluded_font=\u00a0\u00bbAref Ruqaa||||||||\u00a0\u00bb inline_fonts=\u00a0\u00bbAref Ruqaa\u00a0\u00bb sticky_transition=\u00a0\u00bbon\u00a0\u00bb]<\/p>\n<p style=\"text-align: center;\"><span style=\"font-family: 'Aref Ruqaa'; font-weight: normal; font-size: xx-large; color: #03a6a6;\">2\u20ac pour les \u00e9tudiants<\/span><\/p>\n<p>[\/et_pb_pricing_table][et_pb_pricing_table title=\u00a0\u00bbCorrection approfondie\u00a0\u00bb subtitle=\u00a0\u00bbTarif indicatif pour 1500 signes\u00a0\u00bb sum=\u00a0\u00bb3 \u20ac\u00a0\u00bb _builder_version=\u00a0\u00bb4.9.1&Prime; _module_preset=\u00a0\u00bbdefault\u00a0\u00bb price_text_color=\u00a0\u00bb#03a6a6&Prime; header_font=\u00a0\u00bbAref Ruqaa||||||||\u00a0\u00bb price_font=\u00a0\u00bbAref Ruqaa||||||||\u00a0\u00bb price_font_size=\u00a0\u00bb59px\u00a0\u00bb hover_enabled=\u00a0\u00bb0&Prime; inline_fonts=\u00a0\u00bbAref Ruqaa\u00a0\u00bb sticky_transition=\u00a0\u00bbon\u00a0\u00bb sticky_enabled=\u00a0\u00bb0&Prime;]<\/p>\n<p style=\"text-align: center;\"><span style=\"font-size: xx-large; font-family: 'Aref Ruqaa'; color: #03a6a6;\">2,50 \u20ac pour les \u00e9tudiants<\/span><\/p>\n<p>[\/et_pb_pricing_table][\/et_pb_pricing_tables][et_pb_text _builder_version=\u00a0\u00bb4.9.1&Prime; _module_preset=\u00a0\u00bbdefault\u00a0\u00bb text_font=\u00a0\u00bbAref Ruqaa||||||||\u00a0\u00bb text_text_color=\u00a0\u00bb#000000&Prime; text_font_size=\u00a0\u00bb21px\u00a0\u00bb link_option_url=\u00a0\u00bbhttps:\/\/relis-moi.com\/index.php\/conditions-generales-de-vente\/\u00a0\u00bb]<\/p>\n<p style=\"text-align: center;\"><strong>Mes prestations ne sont pas soumises \u00e0 TVA (article 293 B du Code G\u00e9n\u00e9ral des Imp\u00f4ts).<\/strong><\/p>\n<p style=\"text-align: center;\">Ces tarifs sont indicatifs et pourront \u00eatre ajust\u00e9s en fonction de la charge de travail (surco\u00fbt \u00e9ventuel si travail important sur la syntaxe, vocabulaire, ponctuation, mise en page) qui sera indiqu\u00e9 lors du devis.<\/p>\n<p style=\"text-align: center;\">Un surco\u00fbt \u00e9ventuel pourra \u00eatre \u00e9galement factur\u00e9 lors d\u2019un besoin de prise en charge urgente (week-end et jours f\u00e9ri\u00e9s).<\/p>\n<p style=\"text-align: center;\">Avant toute commande, merci de lire les conditions g\u00e9n\u00e9rales de vente.<\/p>\n<p>[\/et_pb_text][\/et_pb_column][\/et_pb_row][\/et_pb_section][et_pb_section fb_built=\u00a0\u00bb1&Prime; _builder_version=\u00a0\u00bb4.9.1&Prime; _module_preset=\u00a0\u00bbdefault\u00a0\u00bb][et_pb_row _builder_version=\u00a0\u00bb4.9.1&Prime; _module_preset=\u00a0\u00bbdefault\u00a0\u00bb][et_pb_column type=\u00a0\u00bb4_4&Prime; _builder_version=\u00a0\u00bb4.9.1&Prime; _module_preset=\u00a0\u00bbdefault\u00a0\u00bb][et_pb_text _builder_version=\u00a0\u00bb4.9.1&Prime; _module_preset=\u00a0\u00bbdefault\u00a0\u00bb text_font=\u00a0\u00bbAref Ruqaa||||||||\u00a0\u00bb text_font_size=\u00a0\u00bb33px\u00a0\u00bb header_font=\u00a0\u00bbAref Ruqaa||||||||\u00a0\u00bb animation_style=\u00a0\u00bbzoom\u00a0\u00bb inline_fonts=\u00a0\u00bbAref Ruqaa\u00a0\u00bb]<\/p>\n<p style=\"text-align: center;\"><span style=\"font-family: 'Aref Ruqaa'; font-weight: normal; font-size: xx-large;\">Une question ? Un projet ?<\/span><\/p>\n<p style=\"text-align: center;\"><span style=\"font-size: x-large;\">N&rsquo;h\u00e9sitez-pas \u00e0 me contacter, le devis est gratuit et sans engagement.<\/span><\/p>\n<p>[\/et_pb_text][et_pb_button button_url=\u00a0\u00bb@ET-DC@eyJkeW5hbWljIjp0cnVlLCJjb250ZW50IjoicG9zdF9saW5rX3VybF9wYWdlIiwic2V0dGluZ3MiOnsicG9zdF9pZCI6IjMxIn19@\u00a0\u00bb button_text=\u00a0\u00bbME CONTACTER\u00a0\u00bb button_alignment=\u00a0\u00bbcenter\u00a0\u00bb _builder_version=\u00a0\u00bb4.9.1&Prime; _dynamic_attributes=\u00a0\u00bbbutton_url\u00a0\u00bb _module_preset=\u00a0\u00bbdefault\u00a0\u00bb animation_style=\u00a0\u00bbbounce\u00a0\u00bb box_shadow_style=\u00a0\u00bbpreset6&Prime;][\/et_pb_button][\/et_pb_column][\/et_pb_row][\/et_pb_section][et_pb_section fb_built=\u00a0\u00bb1&Prime; fullwidth=\u00a0\u00bbon\u00a0\u00bb admin_label=\u00a0\u00bbFooter\u00a0\u00bb _builder_version=\u00a0\u00bb4.9.1&Prime;][\/et_pb_section]<\/p>\n","protected":false},"excerpt":{"rendered":"<p>[et_pb_section fb_built=\u00a0\u00bb1&Prime; custom_padding_last_edited=\u00a0\u00bbon|desktop\u00a0\u00bb admin_label=\u00a0\u00bbHeader\u00a0\u00bb _builder_version=\u00a0\u00bb4.9.1&Prime; use_background_color_gradient=\u00a0\u00bbon\u00a0\u00bb background_color_gradient_start=\u00a0\u00bbrgba(255,255,255,0.8)\u00a0\u00bb background_color_gradient_end=\u00a0\u00bbrgba(255,255,255,0.24)\u00a0\u00bb background_color_gradient_end_position=\u00a0\u00bb80%\u00a0\u00bb background_color_gradient_overlays_image=\u00a0\u00bbon\u00a0\u00bb background_image=\u00a0\u00bbhttps:\/\/relis-moi.com\/wp-content\/uploads\/2021\/09\/photo-2-3-300&#215;200.jpg\u00a0\u00bb custom_padding=\u00a0\u00bb110px||||false|false\u00a0\u00bb custom_padding_tablet=\u00a0\u00bb140px|0px|50px|0px|false|false\u00a0\u00bb custom_padding_phone=\u00a0\u00bb120px|||\u00a0\u00bb][et_pb_row column_structure=\u00a0\u00bb1_2,1_2&Prime; _builder_version=\u00a0\u00bb3.25&Prime; max_width=\u00a0\u00bb1280px\u00a0\u00bb use_custom_width=\u00a0\u00bbon\u00a0\u00bb custom_width_px=\u00a0\u00bb1280px\u00a0\u00bb][et_pb_column type=\u00a0\u00bb1_2&Prime; _builder_version=\u00a0\u00bb3.25&Prime; custom_padding=\u00a0\u00bb|||\u00a0\u00bb custom_padding__hover=\u00a0\u00bb|||\u00a0\u00bb][et_pb_text _builder_version=\u00a0\u00bb4.9.1&Prime; text_font=\u00a0\u00bb||||||||\u00a0\u00bb text_text_color=\u00a0\u00bb#000000&Prime; text_font_size=\u00a0\u00bb18px\u00a0\u00bb text_line_height=\u00a0\u00bb2em\u00a0\u00bb header_font=\u00a0\u00bbEB Garamond||||||||\u00a0\u00bb header_font_size=\u00a0\u00bb60px\u00a0\u00bb header_line_height=\u00a0\u00bb1.3em\u00a0\u00bb max_width=\u00a0\u00bb600px\u00a0\u00bb text_font_size_tablet=\u00a0\u00bb\u00a0\u00bb text_font_size_phone=\u00a0\u00bb15px\u00a0\u00bb text_font_size_last_edited=\u00a0\u00bbon|phone\u00a0\u00bb text_line_height_tablet=\u00a0\u00bb\u00a0\u00bb text_line_height_phone=\u00a0\u00bb1.6em\u00a0\u00bb text_line_height_last_edited=\u00a0\u00bbon|phone\u00a0\u00bb header_font_size_tablet=\u00a0\u00bb50px\u00a0\u00bb header_font_size_phone=\u00a0\u00bb32px\u00a0\u00bb header_font_size_last_edited=\u00a0\u00bbon|phone\u00a0\u00bb inline_fonts=\u00a0\u00bbAref Ruqaa\u00a0\u00bb] Un tarif adapt\u00e9 \u00e0 vos besoins Corriger prend beaucoup de temps, [&hellip;]<\/p>\n","protected":false},"author":1,"featured_media":0,"parent":0,"menu_order":0,"comment_status":"closed","ping_status":"closed","template":"","meta":{"_et_pb_use_builder":"on","_et_pb_old_content":"","_et_gb_content_width":""},"_links":{"self":[{"href":"https:\/\/relis-moi.com\/index.php\/wp-json\/wp\/v2\/pages\/123"}],"collection":[{"href":"https:\/\/relis-moi.com\/index.php\/wp-json\/wp\/v2\/pages"}],"about":[{"href":"https:\/\/relis-moi.com\/index.php\/wp-json\/wp\/v2\/types\/page"}],"author":[{"embeddable":true,"href":"https:\/\/relis-moi.com\/index.php\/wp-json\/wp\/v2\/users\/1"}],"replies":[{"embeddable":true,"href":"https:\/\/relis-moi.com\/index.php\/wp-json\/wp\/v2\/comments?post=123"}],"version-history":[{"count":9,"href":"https:\/\/relis-moi.com\/index.php\/wp-json\/wp\/v2\/pages\/123\/revisions"}],"predecessor-version":[{"id":215,"href":"https:\/\/relis-moi.com\/index.php\/wp-json\/wp\/v2\/pages\/123\/revisions\/215"}],"wp:attachment":[{"href":"https:\/\/relis-moi.com\/index.php\/wp-json\/wp\/v2\/media?parent=123"}],"curies":[{"name":"wp","href":"https:\/\/api.w.org\/{rel}","templated":true}]}}